{"id":2,"date":"2019-08-23T13:17:45","date_gmt":"2019-08-23T11:17:45","guid":{"rendered":"http:\/\/www.boruvkovyraj.cz\/?page_id=2"},"modified":"2025-09-26T17:54:43","modified_gmt":"2025-09-26T15:54:43","slug":"zkusebni-stranka","status":"publish","type":"page","link":"https:\/\/www.boruvkovyraj.cz\/?page_id=2","title":{"rendered":"Kontakt"},"content":{"rendered":"\t\t<div data-elementor-type=\"wp-page\" data-elementor-id=\"2\" class=\"elementor elementor-2\">\n\t\t\t\t\t\t<div class=\"elementor-inner\">\n\t\t\t\t<div class=\"elementor-section-wrap\">\n\t\t\t\t\t\t\t\t\t<section class=\"elementor-section elementor-top-section elementor-element elementor-element-411fe2ac elementor-section-boxed elementor-section-height-default elementor-section-height-default\" data-id=\"411fe2ac\" data-element_type=\"section\">\n\t\t\t\t\t\t<div class=\"elementor-container elementor-column-gap-default\">\n\t\t\t\t\t\t\t<div class=\"elementor-row\">\n\t\t\t\t\t<div class=\"elementor-column elementor-col-100 elementor-top-column elementor-element elementor-element-51592daa\" data-id=\"51592daa\" data-element_type=\"column\">\n\t\t\t<div class=\"elementor-column-wrap elementor-element-populated\">\n\t\t\t\t\t\t\t<div class=\"elementor-widget-wrap\">\n\t\t\t\t\t\t<div class=\"elementor-element elementor-element-68ed7f3a elementor-widget elementor-widget-text-editor\" data-id=\"68ed7f3a\" data-element_type=\"widget\" data-widget_type=\"text-editor.default\">\n\t\t\t\t<div class=\"elementor-widget-container\">\n\t\t\t\t\t\t\t\t<div class=\"elementor-text-editor elementor-clearfix\">\n\t\t\t\t<h3 style=\"text-align: center;\"><strong>\u00a0 \u00a0 \u00a0 \u00a0 \u00a0 \u00a0 \u00a0 \u00a0 Pozor &#8211; nov\u00e9 telefonn\u00ed \u010d\u00edslo &#8211; <\/strong><span style=\"color: #ff0000;\"><strong>tel:<\/strong> <strong>+420 602 767 065<\/strong>\u00a0<\/span> \u00a0 \u00a0 \u00a0 \u00a0 \u00a0 \u00a0 \u00a0 \u00a0 (pros\u00edm volejte v dob\u011b od <strong>9.00 do 18.00 h)<\/strong>. Pokud telefon nezved\u00e1me,\u00a0 \u00a0 \u00a0ozveme se zp\u011bt, nebo napi\u0161te sms. Objedn\u00e1vky lze uskute\u010dnit i sms zpr\u00e1vou &#8211; nap\u0159. Jm\u00e9no, mno\u017estv\u00ed bor\u016fvek,\u00a0 \u00a0 \u00a0 \u00a0 datum vyzvednut\u00ed.\u00a0 Objedn\u00e1vku\u00a0 potvrd\u00edme zp\u011bt, pop\u0159\u00edpad\u011b zavol\u00e1me zp\u011bt. D\u011bkujeme.<span style=\"color: #ff0000;\">\u00a0<\/span><\/h3><h3 style=\"text-align: center;\"><b><span style=\"color: #993366;\">\u00a0 \u00a0 \u00a0 \u00a0 \u00a0 \u00a0\u00a0<\/span><\/b><strong><span style=\"color: #ff0000;\">P\u0159i nep\u0159\u00edzni po\u010das\u00ed rad\u011bji volejte p\u0159edem na tel. (nemus\u00edme b\u00fdt p\u0159\u00edtomni).\u00a0 Farma je\u00a0 \u00a0sou\u010d\u00e1sti domu kde bydl\u00edme a jsme schopni tam b\u00fdt b\u011bhem minuty.<\/span><\/strong><\/h3><h5><strong>\u00a0<\/strong><span style=\"color: #993366;\"><strong>\u00a0<\/strong><\/span><strong>\u00a0 \u00a0 \u00a0 \u00a0<\/strong><strong><span style=\"color: #a928b8;\">\u00a0 \u00a0 \u00a0 \u00a0 \u00a0 \u00a0 \u00a0 \u00a0 \u00a0 \u00a0 \u00a0 \u00a0 \u00a0 \u00a0 \u00a0 \u00a0 \u00a0 \u00a0 \u00a0 \u00a0 \u00a0<\/span><\/strong><span style=\"color: #a928b8;\"><strong>email:<\/strong><\/span> <strong><span style=\"color: #000000;\"><a style=\"color: #000000;\" href=\"mailto:boruvkovyraj@seznam.cz\">boruvkovyraj@seznam.cz<\/a><\/span><\/strong><\/h5><h6 style=\"text-align: center;\">Mosty 2, 378 62, Kun\u017eak,<\/h6><h6 style=\"text-align: center;\">Ji\u017en\u00ed \u010cechy<\/h6><h6 style=\"text-align: center;\"><span style=\"color: #000000;\">I\u010c: 47348887<\/span><\/h6>\t\t\t\t\t<\/div>\n\t\t\t\t\t\t<\/div>\n\t\t\t\t<\/div>\n\t\t\t\t<div class=\"elementor-element elementor-element-1824a92 elementor-widget elementor-widget-google_maps\" data-id=\"1824a92\" data-element_type=\"widget\" data-widget_type=\"google_maps.default\">\n\t\t\t\t<div class=\"elementor-widget-container\">\n\t\t\t\t\t<div class=\"elementor-custom-embed\">\n\t\t\t<iframe frameborder=\"0\" scrolling=\"no\" marginheight=\"0\" marginwidth=\"0\"\n\t\t\t\t\tsrc=\"https:\/\/maps.google.com\/maps?q=Bor%C5%AFvkov%C3%BD%20r%C3%A1j%2C%20mosty%20&#038;t=m&#038;z=15&#038;output=embed&#038;iwloc=near\"\n\t\t\t\t\ttitle=\"Bor\u016fvkov\u00fd r\u00e1j, mosty \"\n\t\t\t\t\taria-label=\"Bor\u016fvkov\u00fd r\u00e1j, mosty \"\n\t\t\t><\/iframe>\n\t\t<\/div>\n\t\t\t\t<\/div>\n\t\t\t\t<\/div>\n\t\t\t\t\t\t<\/div>\n\t\t\t\t\t<\/div>\n\t\t<\/div>\n\t\t\t\t\t\t\t\t<\/div>\n\t\t\t\t\t<\/div>\n\t\t<\/section>\n\t\t\t\t\t\t\t\t\t<\/div>\n\t\t\t<\/div>\n\t\t\t\t\t<\/div>\n\t\t","protected":false},"excerpt":{"rendered":"<p>\u00a0 \u00a0 \u00a0 \u00a0 \u00a0 \u00a0 \u00a0 \u00a0 Pozor &#8211; nov\u00e9 telefonn\u00ed \u010d\u00edslo &#8211; tel: +420 602 767 065\u00a0 \u00a0 \u00a0 \u00a0 \u00a0 \u00a0 \u00a0 \u00a0 \u00a0 (pros\u00edm volejte v dob\u011b od 9.00 do 18.00 h). Pokud telefon nezved\u00e1me,\u00a0 \u00a0 \u00a0ozveme se zp\u011bt, nebo napi\u0161te sms. Objedn\u00e1vky lze uskute\u010dnit i sms zpr\u00e1vou &#8211; nap\u0159. Jm\u00e9no,&#8230;<\/p>\n","protected":false},"author":1,"featured_media":0,"parent":0,"menu_order":0,"comment_status":"open","ping_status":"open","template":"","meta":[],"_links":{"self":[{"href":"https:\/\/www.boruvkovyraj.cz\/index.php?rest_route=\/wp\/v2\/pages\/2"}],"collection":[{"href":"https:\/\/www.boruvkovyraj.cz\/index.php?rest_route=\/wp\/v2\/pages"}],"about":[{"href":"https:\/\/www.boruvkovyraj.cz\/index.php?rest_route=\/wp\/v2\/types\/page"}],"author":[{"embeddable":true,"href":"https:\/\/www.boruvkovyraj.cz\/index.php?rest_route=\/wp\/v2\/users\/1"}],"replies":[{"embeddable":true,"href":"https:\/\/www.boruvkovyraj.cz\/index.php?rest_route=%2Fwp%2Fv2%2Fcomments&post=2"}],"version-history":[{"count":179,"href":"https:\/\/www.boruvkovyraj.cz\/index.php?rest_route=\/wp\/v2\/pages\/2\/revisions"}],"predecessor-version":[{"id":1101,"href":"https:\/\/www.boruvkovyraj.cz\/index.php?rest_route=\/wp\/v2\/pages\/2\/revisions\/1101"}],"wp:attachment":[{"href":"https:\/\/www.boruvkovyraj.cz\/index.php?rest_route=%2Fwp%2Fv2%2Fmedia&parent=2"}],"curies":[{"name":"wp","href":"https:\/\/api.w.org\/{rel}","templated":true}]}}