{"id":298,"date":"2019-10-11T08:38:42","date_gmt":"2019-10-11T06:38:42","guid":{"rendered":"https:\/\/www.boruvkovyraj.cz\/?page_id=298"},"modified":"2023-02-14T18:33:26","modified_gmt":"2023-02-14T17:33:26","slug":"sluzby-k-boruvkam","status":"publish","type":"page","link":"https:\/\/www.boruvkovyraj.cz\/?page_id=298","title":{"rendered":"Zdravotn\u00ed benefity"},"content":{"rendered":"\t\t<div data-elementor-type=\"wp-page\" data-elementor-id=\"298\" class=\"elementor elementor-298\">\n\t\t\t\t\t\t<div class=\"elementor-inner\">\n\t\t\t\t<div class=\"elementor-section-wrap\">\n\t\t\t\t\t\t\t\t\t<section class=\"elementor-section elementor-top-section elementor-element elementor-element-64bce6d elementor-section-boxed elementor-section-height-default elementor-section-height-default\" data-id=\"64bce6d\" data-element_type=\"section\">\n\t\t\t\t\t\t<div class=\"elementor-container elementor-column-gap-default\">\n\t\t\t\t\t\t\t<div class=\"elementor-row\">\n\t\t\t\t\t<div class=\"elementor-column elementor-col-100 elementor-top-column elementor-element elementor-element-3fef509\" data-id=\"3fef509\" data-element_type=\"column\">\n\t\t\t<div class=\"elementor-column-wrap elementor-element-populated\">\n\t\t\t\t\t\t\t<div class=\"elementor-widget-wrap\">\n\t\t\t\t\t\t<div class=\"elementor-element elementor-element-d368c07 elementor-widget elementor-widget-image\" data-id=\"d368c07\" data-element_type=\"widget\" data-widget_type=\"image.default\">\n\t\t\t\t<div class=\"elementor-widget-container\">\n\t\t\t\t\t\t\t\t<div class=\"elementor-image\">\n\t\t\t\t\t\t\t\t\t\t\t\t<img width=\"1810\" height=\"2560\" src=\"https:\/\/www.boruvkovyraj.cz\/wp-content\/uploads\/2023\/02\/Boruvky-zdravotni-benefity-CZ-1-scaled.jpg\" class=\"attachment-full size-full\" alt=\"Zdravotn\u00ed benefity Kanadsk\u00fdch bor\u016fvek\" loading=\"lazy\" srcset=\"https:\/\/www.boruvkovyraj.cz\/wp-content\/uploads\/2023\/02\/Boruvky-zdravotni-benefity-CZ-1-scaled.jpg 1810w, https:\/\/www.boruvkovyraj.cz\/wp-content\/uploads\/2023\/02\/Boruvky-zdravotni-benefity-CZ-1-212x300.jpg 212w, https:\/\/www.boruvkovyraj.cz\/wp-content\/uploads\/2023\/02\/Boruvky-zdravotni-benefity-CZ-1-700x990.jpg 700w, https:\/\/www.boruvkovyraj.cz\/wp-content\/uploads\/2023\/02\/Boruvky-zdravotni-benefity-CZ-1-768x1086.jpg 768w, https:\/\/www.boruvkovyraj.cz\/wp-content\/uploads\/2023\/02\/Boruvky-zdravotni-benefity-CZ-1-1086x1536.jpg 1086w, https:\/\/www.boruvkovyraj.cz\/wp-content\/uploads\/2023\/02\/Boruvky-zdravotni-benefity-CZ-1-1448x2048.jpg 1448w, https:\/\/www.boruvkovyraj.cz\/wp-content\/uploads\/2023\/02\/Boruvky-zdravotni-benefity-CZ-1-800x1131.jpg 800w\" sizes=\"(max-width: 1810px) 100vw, 1810px\" \/>\t\t\t\t\t\t\t\t\t\t\t\t\t\t<\/div>\n\t\t\t\t\t\t<\/div>\n\t\t\t\t<\/div>\n\t\t\t\t\t\t<\/div>\n\t\t\t\t\t<\/div>\n\t\t<\/div>\n\t\t\t\t\t\t\t\t<\/div>\n\t\t\t\t\t<\/div>\n\t\t<\/section>\n\t\t\t\t<section class=\"elementor-section elementor-top-section elementor-element elementor-element-b452d9d elementor-section-boxed elementor-section-height-default elementor-section-height-default\" data-id=\"b452d9d\" data-element_type=\"section\">\n\t\t\t\t\t\t<div class=\"elementor-container elementor-column-gap-default\">\n\t\t\t\t\t\t\t<div class=\"elementor-row\">\n\t\t\t\t\t<div class=\"elementor-column elementor-col-100 elementor-top-column elementor-element elementor-element-0aea166\" data-id=\"0aea166\" data-element_type=\"column\">\n\t\t\t<div class=\"elementor-column-wrap elementor-element-populated\">\n\t\t\t\t\t\t\t<div class=\"elementor-widget-wrap\">\n\t\t\t\t\t\t<div class=\"elementor-element elementor-element-79cf07e elementor-widget elementor-widget-image\" data-id=\"79cf07e\" data-element_type=\"widget\" data-widget_type=\"image.default\">\n\t\t\t\t<div class=\"elementor-widget-container\">\n\t\t\t\t\t\t\t\t<div class=\"elementor-image\">\n\t\t\t\t\t\t\t\t\t\t\t\t<img width=\"1240\" height=\"1754\" src=\"https:\/\/www.boruvkovyraj.cz\/wp-content\/uploads\/2023\/02\/Zdravi-srdce-1.jpg\" class=\"attachment-full size-full\" alt=\"\" loading=\"lazy\" srcset=\"https:\/\/www.boruvkovyraj.cz\/wp-content\/uploads\/2023\/02\/Zdravi-srdce-1.jpg 1240w, https:\/\/www.boruvkovyraj.cz\/wp-content\/uploads\/2023\/02\/Zdravi-srdce-1-212x300.jpg 212w, https:\/\/www.boruvkovyraj.cz\/wp-content\/uploads\/2023\/02\/Zdravi-srdce-1-700x990.jpg 700w, https:\/\/www.boruvkovyraj.cz\/wp-content\/uploads\/2023\/02\/Zdravi-srdce-1-768x1086.jpg 768w, https:\/\/www.boruvkovyraj.cz\/wp-content\/uploads\/2023\/02\/Zdravi-srdce-1-1086x1536.jpg 1086w, https:\/\/www.boruvkovyraj.cz\/wp-content\/uploads\/2023\/02\/Zdravi-srdce-1-800x1132.jpg 800w\" sizes=\"(max-width: 1240px) 100vw, 1240px\" \/>\t\t\t\t\t\t\t\t\t\t\t\t\t\t<\/div>\n\t\t\t\t\t\t<\/div>\n\t\t\t\t<\/div>\n\t\t\t\t\t\t<\/div>\n\t\t\t\t\t<\/div>\n\t\t<\/div>\n\t\t\t\t\t\t\t\t<\/div>\n\t\t\t\t\t<\/div>\n\t\t<\/section>\n\t\t\t\t<section class=\"elementor-section elementor-top-section elementor-element elementor-element-70e5d3b elementor-section-boxed elementor-section-height-default elementor-section-height-default\" data-id=\"70e5d3b\" data-element_type=\"section\">\n\t\t\t\t\t\t<div class=\"elementor-container elementor-column-gap-default\">\n\t\t\t\t\t\t\t<div class=\"elementor-row\">\n\t\t\t\t\t<div class=\"elementor-column elementor-col-100 elementor-top-column elementor-element elementor-element-d0190b2\" data-id=\"d0190b2\" data-element_type=\"column\">\n\t\t\t<div class=\"elementor-column-wrap elementor-element-populated\">\n\t\t\t\t\t\t\t<div class=\"elementor-widget-wrap\">\n\t\t\t\t\t\t<div class=\"elementor-element elementor-element-201f1ac elementor-widget elementor-widget-image\" data-id=\"201f1ac\" data-element_type=\"widget\" data-widget_type=\"image.default\">\n\t\t\t\t<div class=\"elementor-widget-container\">\n\t\t\t\t\t\t\t\t<div class=\"elementor-image\">\n\t\t\t\t\t\t\t\t\t\t\t\t<img width=\"1810\" height=\"2560\" src=\"https:\/\/www.boruvkovyraj.cz\/wp-content\/uploads\/2023\/02\/Boruvky-a-cukrovka-scaled.jpg\" class=\"attachment-full size-full\" alt=\"Bor\u016fvky a cukrovka\" loading=\"lazy\" srcset=\"https:\/\/www.boruvkovyraj.cz\/wp-content\/uploads\/2023\/02\/Boruvky-a-cukrovka-scaled.jpg 1810w, https:\/\/www.boruvkovyraj.cz\/wp-content\/uploads\/2023\/02\/Boruvky-a-cukrovka-212x300.jpg 212w, https:\/\/www.boruvkovyraj.cz\/wp-content\/uploads\/2023\/02\/Boruvky-a-cukrovka-700x990.jpg 700w, https:\/\/www.boruvkovyraj.cz\/wp-content\/uploads\/2023\/02\/Boruvky-a-cukrovka-768x1086.jpg 768w, https:\/\/www.boruvkovyraj.cz\/wp-content\/uploads\/2023\/02\/Boruvky-a-cukrovka-1086x1536.jpg 1086w, https:\/\/www.boruvkovyraj.cz\/wp-content\/uploads\/2023\/02\/Boruvky-a-cukrovka-1448x2048.jpg 1448w, https:\/\/www.boruvkovyraj.cz\/wp-content\/uploads\/2023\/02\/Boruvky-a-cukrovka-800x1131.jpg 800w\" sizes=\"(max-width: 1810px) 100vw, 1810px\" \/>\t\t\t\t\t\t\t\t\t\t\t\t\t\t<\/div>\n\t\t\t\t\t\t<\/div>\n\t\t\t\t<\/div>\n\t\t\t\t\t\t<\/div>\n\t\t\t\t\t<\/div>\n\t\t<\/div>\n\t\t\t\t\t\t\t\t<\/div>\n\t\t\t\t\t<\/div>\n\t\t<\/section>\n\t\t\t\t<section class=\"elementor-section elementor-top-section elementor-element elementor-element-d6ea27e elementor-section-boxed elementor-section-height-default elementor-section-height-default\" data-id=\"d6ea27e\" data-element_type=\"section\">\n\t\t\t\t\t\t<div class=\"elementor-container elementor-column-gap-default\">\n\t\t\t\t\t\t\t<div class=\"elementor-row\">\n\t\t\t\t\t<div class=\"elementor-column elementor-col-100 elementor-top-column elementor-element elementor-element-a8f712a\" data-id=\"a8f712a\" data-element_type=\"column\">\n\t\t\t<div class=\"elementor-column-wrap elementor-element-populated\">\n\t\t\t\t\t\t\t<div class=\"elementor-widget-wrap\">\n\t\t\t\t\t\t<div class=\"elementor-element elementor-element-48b7738 elementor-widget elementor-widget-image\" data-id=\"48b7738\" data-element_type=\"widget\" data-widget_type=\"image.default\">\n\t\t\t\t<div class=\"elementor-widget-container\">\n\t\t\t\t\t\t\t\t<div class=\"elementor-image\">\n\t\t\t\t\t\t\t\t\t\t\t\t<img width=\"1810\" height=\"2560\" src=\"https:\/\/www.boruvkovyraj.cz\/wp-content\/uploads\/2023\/02\/Boruvky-a-mentalni-zdravi-scaled.jpg\" class=\"attachment-full size-full\" alt=\"Kanadsk\u00e9 bor\u016fvky a ment\u00e1ln\u00ed zdrav\u00ed\" loading=\"lazy\" srcset=\"https:\/\/www.boruvkovyraj.cz\/wp-content\/uploads\/2023\/02\/Boruvky-a-mentalni-zdravi-scaled.jpg 1810w, https:\/\/www.boruvkovyraj.cz\/wp-content\/uploads\/2023\/02\/Boruvky-a-mentalni-zdravi-212x300.jpg 212w, https:\/\/www.boruvkovyraj.cz\/wp-content\/uploads\/2023\/02\/Boruvky-a-mentalni-zdravi-700x990.jpg 700w, https:\/\/www.boruvkovyraj.cz\/wp-content\/uploads\/2023\/02\/Boruvky-a-mentalni-zdravi-768x1086.jpg 768w, https:\/\/www.boruvkovyraj.cz\/wp-content\/uploads\/2023\/02\/Boruvky-a-mentalni-zdravi-1086x1536.jpg 1086w, https:\/\/www.boruvkovyraj.cz\/wp-content\/uploads\/2023\/02\/Boruvky-a-mentalni-zdravi-1448x2048.jpg 1448w, https:\/\/www.boruvkovyraj.cz\/wp-content\/uploads\/2023\/02\/Boruvky-a-mentalni-zdravi-800x1131.jpg 800w\" sizes=\"(max-width: 1810px) 100vw, 1810px\" \/>\t\t\t\t\t\t\t\t\t\t\t\t\t\t<\/div>\n\t\t\t\t\t\t<\/div>\n\t\t\t\t<\/div>\n\t\t\t\t\t\t<\/div>\n\t\t\t\t\t<\/div>\n\t\t<\/div>\n\t\t\t\t\t\t\t\t<\/div>\n\t\t\t\t\t<\/div>\n\t\t<\/section>\n\t\t\t\t\t\t\t\t\t<\/div>\n\t\t\t<\/div>\n\t\t\t\t\t<\/div>\n\t\t","protected":false},"excerpt":{"rendered":"","protected":false},"author":1,"featured_media":0,"parent":0,"menu_order":0,"comment_status":"closed","ping_status":"closed","template":"elementor_header_footer","meta":[],"_links":{"self":[{"href":"https:\/\/www.boruvkovyraj.cz\/index.php?rest_route=\/wp\/v2\/pages\/298"}],"collection":[{"href":"https:\/\/www.boruvkovyraj.cz\/index.php?rest_route=\/wp\/v2\/pages"}],"about":[{"href":"https:\/\/www.boruvkovyraj.cz\/index.php?rest_route=\/wp\/v2\/types\/page"}],"author":[{"embeddable":true,"href":"https:\/\/www.boruvkovyraj.cz\/index.php?rest_route=\/wp\/v2\/users\/1"}],"replies":[{"embeddable":true,"href":"https:\/\/www.boruvkovyraj.cz\/index.php?rest_route=%2Fwp%2Fv2%2Fcomments&post=298"}],"version-history":[{"count":104,"href":"https:\/\/www.boruvkovyraj.cz\/index.php?rest_route=\/wp\/v2\/pages\/298\/revisions"}],"predecessor-version":[{"id":664,"href":"https:\/\/www.boruvkovyraj.cz\/index.php?rest_route=\/wp\/v2\/pages\/298\/revisions\/664"}],"wp:attachment":[{"href":"https:\/\/www.boruvkovyraj.cz\/index.php?rest_route=%2Fwp%2Fv2%2Fmedia&parent=298"}],"curies":[{"name":"wp","href":"https:\/\/api.w.org\/{rel}","templated":true}]}}