{"id":99,"date":"2018-02-17T16:09:43","date_gmt":"2018-02-17T15:09:43","guid":{"rendered":"http:\/\/www.boruvkovyraj.cz\/?page_id=99"},"modified":"2021-04-24T09:32:25","modified_gmt":"2021-04-24T07:32:25","slug":"kanadske-boruvky","status":"publish","type":"page","link":"https:\/\/www.boruvkovyraj.cz\/?page_id=99","title":{"rendered":"N\u011bco o bor\u016fvk\u00e1ch v\u00e1\u017en\u011b i nev\u00e1\u017en\u011b"},"content":{"rendered":"\t\t<div data-elementor-type=\"wp-page\" data-elementor-id=\"99\" class=\"elementor elementor-99\">\n\t\t\t\t\t\t<div class=\"elementor-inner\">\n\t\t\t\t<div class=\"elementor-section-wrap\">\n\t\t\t\t\t\t\t\t\t<section class=\"elementor-section elementor-top-section elementor-element elementor-element-4b7aafd1 elementor-section-boxed elementor-section-height-default elementor-section-height-default\" data-id=\"4b7aafd1\" data-element_type=\"section\">\n\t\t\t\t\t\t<div class=\"elementor-container elementor-column-gap-default\">\n\t\t\t\t\t\t\t<div class=\"elementor-row\">\n\t\t\t\t\t<div class=\"elementor-column elementor-col-100 elementor-top-column elementor-element elementor-element-716e35\" data-id=\"716e35\" data-element_type=\"column\">\n\t\t\t<div class=\"elementor-column-wrap elementor-element-populated\">\n\t\t\t\t\t\t\t<div class=\"elementor-widget-wrap\">\n\t\t\t\t\t\t<div class=\"elementor-element elementor-element-12105a93 elementor-invisible elementor-widget elementor-widget-text-editor\" data-id=\"12105a93\" data-element_type=\"widget\" data-settings=\"{&quot;_animation&quot;:&quot;zoomIn&quot;}\" data-widget_type=\"text-editor.default\">\n\t\t\t\t<div class=\"elementor-widget-container\">\n\t\t\t\t\t\t\t\t<div class=\"elementor-text-editor elementor-clearfix\">\n\t\t\t\t<p style=\"text-align: justify; background: white; margin: 0cm 0cm 18.75pt 0cm;\"><span style=\"font-family: Arial, sans-serif; color: #000000; background: white;\">Rod\u00a0<em><span style=\"font-family: 'Arial',sans-serif;\">Vaccinium\u00a0<\/span><\/em>(bor\u016fvka) zahrnuje asi 200 druh\u016f, rostouc\u00edch v\u00a0hor\u00e1ch tropick\u00e9 Asie, v\u00a0Tichomo\u0159\u00ed, v severn\u00ed i ji\u017en\u00ed Americe a t\u00e9\u017e v\u00a0Africe. Nejm\u00e9n\u011b druh\u016f roste ov\u0161em na velk\u00fdch ploch\u00e1ch v\u00a0m\u00edrn\u00e9m p\u00e1smu severn\u00ed polokoule. Bor\u016fvky opyluje hmyz a roz\u0161i\u0159uj\u00ed je \u017eivo\u010dichov\u00e9. Jsou zpravidla samospra\u0161n\u00e9. Ke\u0159\u00edky se rozr\u016fstaj\u00ed podzemn\u00edmi v\u00fdb\u011b\u017eky, na nich\u017e jsou z\u0159eteln\u00e9 pevn\u00e9 \u0161upinovit\u00e9 l\u00edstky. St\u00e1\u0159\u00ed ke\u0159\u00edku se obt\u00ed\u017en\u011b stanovuje pr\u00e1v\u011b pro rychl\u00e9 vegetativn\u00ed rozr\u016fst\u00e1n\u00ed. Jejich d\u00e9lka \u017eivota se pohybuje od 10 do 60 let.<\/span><\/p>\r\n<p style=\"text-align: center;\"><span style=\"color: #000000;\"><strong>O prosp\u011b\u0161nosti bor\u016fvek na lidsk\u00fd organismus existuje bezpo\u010det seri\u00f3zn\u00edch v\u011bdeck\u00fdch prac\u00ed.\u00a0<\/strong><\/span><span style=\"color: #000000;\">Zm\u00edn\u00edme tedy pouze to nejd\u016fle\u017eit\u011bj\u0161\u00ed&#8230;<\/span><\/p>\r\n<p style=\"text-align: center;\">Plody bor\u016fvek (lesn\u00edch i kanadsk\u00fdch) pat\u0159\u00ed mezi jedno z nejzdrav\u011bj\u0161\u00edho ovoce na sv\u011bt\u011b v\u016fbec. Zah\u00e1n\u00ed stres, \u00fanavu a posiluj\u00ed imunitu.\u00a0<strong>Podporuj\u00ed r\u016fst u d\u011bt\u00ed, v\u00fdborn\u011b p\u016fsob\u00ed proti pr\u016fjm\u016fm, slou\u017e\u00ed jako podp\u016frn\u00fd prost\u0159edek p\u0159i l\u00e9\u010db\u011b cukrovky, dny a revmatismu. Odstra\u0148uj\u00ed \u00fanavu o\u010d\u00ed, zlep\u0161uj\u00ed ost\u00adrost zraku a vid\u011bn\u00ed v\u00a0temnu. Uleh\u010duj\u00ed pr\u016fb\u011bh chorob zp\u016fsoben\u00fdch st\u00e1rnut\u00edm<\/strong> \u2013 nap\u0159.: chr\u00e1n\u00ed p\u0159ed sta\u0159eckou demenc\u00ed, reguluj\u00ed hladinu cukru a tuku v\u00a0krvi, sni\u017euj\u00ed cholesterol, \u010dist\u00ed ledviny a mo\u010dov\u00e9 cesty. Bor\u016fvky pom\u00e1haj\u00ed p\u0159i hubnut\u00ed. P\u016fsob\u00ed preventivn\u011b proti infekc\u00edm&#8230;<\/p>\r\n<p style=\"text-align: center;\">Bor\u016fvky obsahuj\u00ed antioxidanty, bioflavonoidy, t\u0159\u00edsloviny, velk\u00e9 mno\u017estv\u00ed vitam\u00ednu C, vitam\u00edny B a provitam\u00edn A, d\u00e1le zinek, ovocn\u00e9 cukry, mangan, drasl\u00edk, ho\u0159\u010d\u00edk, chrom, zinek, m\u011b\u010f a \u017eelezo, a dal\u0161\u00ed.<\/p>\r\n<p style=\"text-align: center;\">Nejnov\u011bj\u0161\u00ed v\u00fdzkumy potvrdily jejich\u00a0<strong>v\u00fdznamn\u00e9 proti rakovinov\u00e9 \u00fa\u010dinky.<\/strong>\u00a0Doporu\u010duje se ka\u017ed\u00e9mu zkonzumovat b\u011bhem l\u00e9ta alespo\u0148\u00a0<strong>1,5 kg \u010derstv\u00fdch plod\u016f bor\u016fvek pro vy\u010di\u0161t\u011bn\u00ed organismu a pos\u00edlen\u00ed jeho obranyschopnosti.<\/strong><\/p>\r\n\r\n<h3 style=\"text-align: center;\"><span style=\"color: #800080;\"><strong>Bor\u016fvky \u2013 pov\u011bry, kouzla a \u010d\u00e1ry<\/strong><\/span><\/h3>\r\n<p style=\"text-align: center;\">Na\u0161i p\u0159edci bor\u016fvk\u00e1m p\u0159isuzovali mimo\u0159\u00e1dn\u011b velkou zdravotn\u00ed a \u010darovnou moc. V\u00a0mnoha kraj\u00edch se \u0159\u00edkalo, \u017ee v\u00a0dob\u011b sklizn\u011b bor\u016fvek mohli v\u0161ichni l\u00e9ka\u0159i klidn\u011b odjet na dovolenou\u2026<\/p>\r\n<p style=\"text-align: center;\">U\u017e v\u00a0Keltsk\u00fdch dob\u00e1ch v\u011b\u0159ili Keltov\u00e9 \u017eij\u00edc\u00ed na na\u0161em \u00fazem\u00ed, \u017ee je bor\u016fvky dok\u00e1\u017e\u00ed ochr\u00e1nit p\u0159ed v\u011bt\u0161inou zla. Je\u0161t\u011b v\u00a0minul\u00e9m stolet\u00ed d\u011bti, pokud \u0161ly do lesa na bor\u016fvky, nikdy nezapomn\u011bly nasypat n\u011bco bor\u016fvek na p\u011b\u0161inu nebo na k\u00e1men na kraji lesa, aby je v\u00a0lese neu\u0161tknula jedovat\u00e1 zmije. V\u016fn\u011b bor\u016fvek ji m\u011bla nal\u00e1kat a d\u011bti mohly trhat lesn\u00ed plody v\u00a0bezpe\u010d\u00ed. P\u00e1r bor\u016fvek polo\u017een\u00fdch na pr\u00e1h nebo pod roho\u017eku m\u011blo domov ochr\u00e1nit p\u0159ed nep\u0159\u00edjemnostmi. Zvl\u00e1\u0161\u0165 siln\u00fd vliv pr\u00fd maj\u00ed kanadsk\u00e9 bor\u016fvky. Pokud \u010dlov\u011bk u sebe nos\u00ed jejich listy, potk\u00e1 ho \u0161t\u011bst\u00ed\u2026<\/p>\r\n<p style=\"text-align: center;\">Nejv\u00edce pov\u011br a b\u00e1j\u00ed se ale vztahovalo k\u00a0poj\u00edd\u00e1n\u00ed bor\u016fvek. Babky ko\u0159en\u00e1\u0159ky tvrdily, \u017ee na uhranut\u00ed nen\u00ed lep\u0161\u00ed protizbra\u0148 ne\u017e p\u00e1r kulat\u00fdch bor\u016fvkov\u00fdch kol\u00e1\u010d\u016f s\u00a0drobenkou nebo \u017emolenkou, kter\u00e1 je\u0161t\u011b umocnila ochrannou s\u00edlu bor\u016fvek. T\u0159eba bor\u016fvkov\u00e9 pala\u010dinky se v t\u00e9to souvislosti ozna\u010duj\u00ed p\u0159\u00edmo za pokrm \u0161t\u011bst\u00ed. Pokud byste si dali pro zm\u011bnu hranat\u00e9 kol\u00e1\u010de, zajistili byste si blahobyt. P\u0159i pe\u010den\u00ed bor\u016fvkov\u00fdch dobrot je ale nutn\u00e9 zap\u00e1lit v\u00a0kuchyni b\u00edlou sv\u00ed\u010dku. Ta toti\u017e podporuje \u010darovnou ochrannou moc a s\u00edlu modr\u00fdch bor\u016fvek. Bor\u016fvkov\u00e9 dobroty by se ze stejn\u00fdch d\u016fvod\u016f m\u011bly pod\u00e1vat na b\u00edl\u00e9m n\u00e1dob\u00ed. Bor\u016fvky se tak\u00e9 pou\u017e\u00edvali hojn\u011b na zdoben\u00ed narozeninov\u00fdch dort\u016f, proto\u017ee dok\u00e1\u017e\u00ed obdarovan\u00e9mu splnit p\u0159\u00e1n\u00ed\u2026<\/p>\r\n<p style=\"text-align: center;\">Tak co, vyzkou\u0161\u00edte tak\u00e9 n\u011bjak\u00e9 to kouzlo?<\/p>\r\n<p style=\"text-align: center;\">Pokud by v\u00e1s zaj\u00edmalo n\u011bco dal\u0161\u00edho z mystiky rostlin, nav\u0161tivte\u00a0<a href=\"http:\/\/www.energiestromu.cz\">http:\/\/www.energiestromu.cz<\/a>. Web zab\u00fdvaj\u00edc\u00ed se energi\u00ed strom\u016f a jejich l\u00e9\u010debn\u00fdmi \u00fa\u010dinky na lidsk\u00e9 t\u011blo.<\/p>\t\t\t\t\t<\/div>\n\t\t\t\t\t\t<\/div>\n\t\t\t\t<\/div>\n\t\t\t\t\t\t<\/div>\n\t\t\t\t\t<\/div>\n\t\t<\/div>\n\t\t\t\t\t\t\t\t<\/div>\n\t\t\t\t\t<\/div>\n\t\t<\/section>\n\t\t\t\t\t\t\t\t\t<\/div>\n\t\t\t<\/div>\n\t\t\t\t\t<\/div>\n\t\t","protected":false},"excerpt":{"rendered":"<p>Rod\u00a0Vaccinium\u00a0(bor\u016fvka) zahrnuje asi 200 druh\u016f, rostouc\u00edch v\u00a0hor\u00e1ch tropick\u00e9 Asie, v\u00a0Tichomo\u0159\u00ed, v severn\u00ed i ji\u017en\u00ed Americe a t\u00e9\u017e v\u00a0Africe. Nejm\u00e9n\u011b druh\u016f roste ov\u0161em na velk\u00fdch ploch\u00e1ch v\u00a0m\u00edrn\u00e9m p\u00e1smu severn\u00ed polokoule. Bor\u016fvky opyluje hmyz a roz\u0161i\u0159uj\u00ed je \u017eivo\u010dichov\u00e9. Jsou zpravidla samospra\u0161n\u00e9. Ke\u0159\u00edky se rozr\u016fstaj\u00ed podzemn\u00edmi v\u00fdb\u011b\u017eky, na nich\u017e jsou z\u0159eteln\u00e9 pevn\u00e9 \u0161upinovit\u00e9 l\u00edstky. St\u00e1\u0159\u00ed ke\u0159\u00edku se obt\u00ed\u017en\u011b&#8230;<\/p>\n","protected":false},"author":1,"featured_media":0,"parent":0,"menu_order":0,"comment_status":"closed","ping_status":"closed","template":"","meta":[],"_links":{"self":[{"href":"https:\/\/www.boruvkovyraj.cz\/index.php?rest_route=\/wp\/v2\/pages\/99"}],"collection":[{"href":"https:\/\/www.boruvkovyraj.cz\/index.php?rest_route=\/wp\/v2\/pages"}],"about":[{"href":"https:\/\/www.boruvkovyraj.cz\/index.php?rest_route=\/wp\/v2\/types\/page"}],"author":[{"embeddable":true,"href":"https:\/\/www.boruvkovyraj.cz\/index.php?rest_route=\/wp\/v2\/users\/1"}],"replies":[{"embeddable":true,"href":"https:\/\/www.boruvkovyraj.cz\/index.php?rest_route=%2Fwp%2Fv2%2Fcomments&post=99"}],"version-history":[{"count":16,"href":"https:\/\/www.boruvkovyraj.cz\/index.php?rest_route=\/wp\/v2\/pages\/99\/revisions"}],"predecessor-version":[{"id":407,"href":"https:\/\/www.boruvkovyraj.cz\/index.php?rest_route=\/wp\/v2\/pages\/99\/revisions\/407"}],"wp:attachment":[{"href":"https:\/\/www.boruvkovyraj.cz\/index.php?rest_route=%2Fwp%2Fv2%2Fmedia&parent=99"}],"curies":[{"name":"wp","href":"https:\/\/api.w.org\/{rel}","templated":true}]}}